{"id":240,"date":"2023-06-19T16:00:30","date_gmt":"2023-06-19T16:00:30","guid":{"rendered":"http:\/\/vilacoia.clientes.galiciadigital.com\/?page_id=240"},"modified":"2026-04-24T11:08:03","modified_gmt":"2026-04-24T11:08:03","slug":"inicio","status":"publish","type":"page","link":"https:\/\/vilacoia.clientes.galiciadigital.com\/gl\/","title":{"rendered":"Inicio"},"content":{"rendered":"<div data-elementor-type=\"wp-page\" data-elementor-id=\"240\" class=\"elementor elementor-240\" data-elementor-post-type=\"page\">\n\t\t\t\t\t\t<section class=\"elementor-section elementor-top-section elementor-element elementor-element-45ee8de2 elementor-section-boxed elementor-section-height-default elementor-section-height-default\" data-id=\"45ee8de2\" data-element_type=\"section\" data-e-type=\"section\">\n\t\t\t\t\t\t<div class=\"elementor-container elementor-column-gap-default\">\n\t\t\t\t\t<div class=\"elementor-column elementor-col-100 elementor-top-column elementor-element elementor-element-50a890c0\" data-id=\"50a890c0\" data-element_type=\"column\" data-e-type=\"column\">\n\t\t\t<div class=\"elementor-widget-wrap elementor-element-populated\">\n\t\t\t\t\t\t<div class=\"elementor-element elementor-element-1a1c406 elementor-widget elementor-widget-text-editor\" data-id=\"1a1c406\" data-element_type=\"widget\" data-e-type=\"widget\" data-widget_type=\"text-editor.default\">\n\t\t\t\t<div class=\"elementor-widget-container\">\n\t\t\t\t\t\t\t\t\t<p data-start=\"132\" data-end=\"439\">La plataforma de v\u00eddeo de <strong data-start=\"158\" data-end=\"178\">Xabier Vila-Coia<\/strong> nace como un espacio de exploraci\u00f3n cr\u00edtica donde convergen pensamiento, imagen y lenguaje. Lejos de los formatos convencionales, estos contenidos se sit\u00faan en la intersecci\u00f3n entre el ensayo audiovisual, la reflexi\u00f3n filos\u00f3fica y la experimentaci\u00f3n art\u00edstica.<\/p>\n<p data-start=\"441\" data-end=\"834\">Los v\u00eddeos se organizan en torno a distintas l\u00edneas tem\u00e1ticas que recorren el universo intelectual del autor: la pol\u00edtica y sus estructuras simb\u00f3licas, la construcci\u00f3n cultural del lenguaje, la sexualidad como campo de pensamiento, la cr\u00edtica social y las formas contempor\u00e1neas del arte. Cada pieza propone una mirada que cuestiona lo establecido y abre nuevas posibilidades de interpretaci\u00f3n.<\/p>\n<p data-start=\"836\" data-end=\"1067\">Este archivo audiovisual no busca ofrecer respuestas cerradas, sino activar preguntas. A trav\u00e9s de una est\u00e9tica sobria y un enfoque anal\u00edtico, Vila-Coia desarrolla un discurso propio en el que la imagen no ilustra, sino que piensa.<\/p>\n<p data-start=\"1069\" data-end=\"1262\">La plataforma funciona as\u00ed como un archivo vivo, en constante crecimiento, donde cada v\u00eddeo puede entenderse tanto de forma aut\u00f3noma como en di\u00e1logo con el conjunto de su obra escrita y visual.<\/p>\n<p><!-- \/wp:paragraph --><\/p>\t\t\t\t\t\t\t\t<\/div>\n\t\t\t\t<\/div>\n\t\t\t\t<div class=\"elementor-element elementor-element-af9f82a elementor-widget elementor-widget-image\" data-id=\"af9f82a\" data-element_type=\"widget\" data-e-type=\"widget\" data-widget_type=\"image.default\">\n\t\t\t\t<div class=\"elementor-widget-container\">\n\t\t\t\t\t\t\t\t\t\t\t\t\t\t\t<img fetchpriority=\"high\" decoding=\"async\" width=\"754\" height=\"992\" src=\"https:\/\/vilacoia.clientes.galiciadigital.com\/wp-content\/uploads\/2026\/04\/IMG_20260320_234854759_rec_ret2_tam2_enf.jpg\" class=\"attachment-full size-full wp-image-945\" alt=\"\" srcset=\"https:\/\/vilacoia.clientes.galiciadigital.com\/wp-content\/uploads\/2026\/04\/IMG_20260320_234854759_rec_ret2_tam2_enf.jpg 754w, https:\/\/vilacoia.clientes.galiciadigital.com\/wp-content\/uploads\/2026\/04\/IMG_20260320_234854759_rec_ret2_tam2_enf-228x300.jpg 228w, https:\/\/vilacoia.clientes.galiciadigital.com\/wp-content\/uploads\/2026\/04\/IMG_20260320_234854759_rec_ret2_tam2_enf-9x12.jpg 9w\" sizes=\"(max-width: 754px) 100vw, 754px\" \/>\t\t\t\t\t\t\t\t\t\t\t\t\t\t\t<\/div>\n\t\t\t\t<\/div>\n\t\t\t\t\t<\/div>\n\t\t<\/div>\n\t\t\t\t\t<\/div>\n\t\t<\/section>\n\t\t\t\t<\/div>","protected":false},"excerpt":{"rendered":"<p>La plataforma de v\u00eddeo de Xabier Vila-Coia nace como un espacio de exploraci\u00f3n cr\u00edtica donde convergen pensamiento, imagen y lenguaje. Lejos de los formatos convencionales, estos contenidos se sit\u00faan en la intersecci\u00f3n entre el ensayo audiovisual, la reflexi\u00f3n filos\u00f3fica y la experimentaci\u00f3n art\u00edstica. Los v\u00eddeos se organizan en torno a distintas l\u00edneas tem\u00e1ticas que recorren [&hellip;]<\/p>\n","protected":false},"author":1,"featured_media":0,"parent":0,"menu_order":0,"comment_status":"closed","ping_status":"closed","template":"elementor_header_footer","meta":{"footnotes":""},"class_list":["post-240","page","type-page","status-publish","hentry"],"_links":{"self":[{"href":"https:\/\/vilacoia.clientes.galiciadigital.com\/gl\/wp-json\/wp\/v2\/pages\/240","targetHints":{"allow":["GET"]}}],"collection":[{"href":"https:\/\/vilacoia.clientes.galiciadigital.com\/gl\/wp-json\/wp\/v2\/pages"}],"about":[{"href":"https:\/\/vilacoia.clientes.galiciadigital.com\/gl\/wp-json\/wp\/v2\/types\/page"}],"author":[{"embeddable":true,"href":"https:\/\/vilacoia.clientes.galiciadigital.com\/gl\/wp-json\/wp\/v2\/users\/1"}],"replies":[{"embeddable":true,"href":"https:\/\/vilacoia.clientes.galiciadigital.com\/gl\/wp-json\/wp\/v2\/comments?post=240"}],"version-history":[{"count":18,"href":"https:\/\/vilacoia.clientes.galiciadigital.com\/gl\/wp-json\/wp\/v2\/pages\/240\/revisions"}],"predecessor-version":[{"id":948,"href":"https:\/\/vilacoia.clientes.galiciadigital.com\/gl\/wp-json\/wp\/v2\/pages\/240\/revisions\/948"}],"wp:attachment":[{"href":"https:\/\/vilacoia.clientes.galiciadigital.com\/gl\/wp-json\/wp\/v2\/media?parent=240"}],"curies":[{"name":"wp","href":"https:\/\/api.w.org\/{rel}","templated":true}]}}